{"id":397,"date":"2025-07-26T15:54:56","date_gmt":"2025-07-26T15:54:56","guid":{"rendered":"https:\/\/hotmeer.com\/?page_id=397"},"modified":"2025-10-10T06:05:20","modified_gmt":"2025-10-10T06:05:20","slug":"solutions","status":"publish","type":"page","link":"https:\/\/www.hotmeer.com\/de\/solutions\/","title":{"rendered":"L\u00f6sung"},"content":{"rendered":"<div data-elementor-type=\"wp-page\" data-elementor-id=\"397\" class=\"elementor elementor-397\" data-elementor-settings=\"{&quot;element_pack_global_tooltip_width&quot;:{&quot;unit&quot;:&quot;px&quot;,&quot;size&quot;:&quot;&quot;,&quot;sizes&quot;:[]},&quot;element_pack_global_tooltip_width_tablet&quot;:{&quot;unit&quot;:&quot;px&quot;,&quot;size&quot;:&quot;&quot;,&quot;sizes&quot;:[]},&quot;element_pack_global_tooltip_width_mobile&quot;:{&quot;unit&quot;:&quot;px&quot;,&quot;size&quot;:&quot;&quot;,&quot;sizes&quot;:[]},&quot;element_pack_global_tooltip_padding&quot;:{&quot;unit&quot;:&quot;px&quot;,&quot;top&quot;:&quot;&quot;,&quot;right&quot;:&quot;&quot;,&quot;bottom&quot;:&quot;&quot;,&quot;left&quot;:&quot;&quot;,&quot;isLinked&quot;:true},&quot;element_pack_global_tooltip_padding_tablet&quot;:{&quot;unit&quot;:&quot;px&quot;,&quot;top&quot;:&quot;&quot;,&quot;right&quot;:&quot;&quot;,&quot;bottom&quot;:&quot;&quot;,&quot;left&quot;:&quot;&quot;,&quot;isLinked&quot;:true},&quot;element_pack_global_tooltip_padding_mobile&quot;:{&quot;unit&quot;:&quot;px&quot;,&quot;top&quot;:&quot;&quot;,&quot;right&quot;:&quot;&quot;,&quot;bottom&quot;:&quot;&quot;,&quot;left&quot;:&quot;&quot;,&quot;isLinked&quot;:true},&quot;element_pack_global_tooltip_border_radius&quot;:{&quot;unit&quot;:&quot;px&quot;,&quot;top&quot;:&quot;&quot;,&quot;right&quot;:&quot;&quot;,&quot;bottom&quot;:&quot;&quot;,&quot;left&quot;:&quot;&quot;,&quot;isLinked&quot;:true},&quot;element_pack_global_tooltip_border_radius_tablet&quot;:{&quot;unit&quot;:&quot;px&quot;,&quot;top&quot;:&quot;&quot;,&quot;right&quot;:&quot;&quot;,&quot;bottom&quot;:&quot;&quot;,&quot;left&quot;:&quot;&quot;,&quot;isLinked&quot;:true},&quot;element_pack_global_tooltip_border_radius_mobile&quot;:{&quot;unit&quot;:&quot;px&quot;,&quot;top&quot;:&quot;&quot;,&quot;right&quot;:&quot;&quot;,&quot;bottom&quot;:&quot;&quot;,&quot;left&quot;:&quot;&quot;,&quot;isLinked&quot;:true}}\" data-elementor-post-type=\"page\">\n\t\t\t\t<div class=\"elementor-element elementor-element-65c9006 e-con-full e-flex e-con e-parent\" data-id=\"65c9006\" data-element_type=\"container\" data-settings=\"{&quot;background_background&quot;:&quot;classic&quot;}\">\n\t\t<div class=\"elementor-element elementor-element-ed4e3c4 e-con-full e-flex e-con e-child\" data-id=\"ed4e3c4\" data-element_type=\"container\">\n\t\t<div class=\"elementor-element elementor-element-6748ffd e-con-full e-flex e-con e-child\" data-id=\"6748ffd\" data-element_type=\"container\">\n\t\t\t\t<div class=\"elementor-element elementor-element-4b26015 elementor-widget elementor-widget-text-editor\" data-id=\"4b26015\" data-element_type=\"widget\" data-widget_type=\"text-editor.default\">\n\t\t\t\t\t\t\t\t\t<p>Hotmeer-L\u00f6sungsangebot<\/p>\t\t\t\t\t\t\t\t<\/div>\n\t\t\t\t<div class=\"elementor-element elementor-element-7d855a5 elementor-widget__width-initial elementor-align-center elementor-mobile-align-center elementor-invisible elementor-widget elementor-widget-button\" data-id=\"7d855a5\" data-element_type=\"widget\" data-settings=\"{&quot;_animation&quot;:&quot;fadeInUp&quot;}\" data-widget_type=\"button.default\">\n\t\t\t\t\t\t\t\t\t\t<a class=\"elementor-button elementor-button-link elementor-size-sm\" href=\"https:\/\/www.hotmeer.com\/de\/contact-us\/\" target=\"_blank\" rel=\"noopener\">\n\t\t\t\t\t\t<span class=\"elementor-button-content-wrapper\">\n\t\t\t\t\t\t\t\t\t<span class=\"elementor-button-text\">Angebot einholen<\/span>\n\t\t\t\t\t<\/span>\n\t\t\t\t\t<\/a>\n\t\t\t\t\t\t\t\t<\/div>\n\t\t\t\t<\/div>\n\t\t\t\t<\/div>\n\t\t\t\t<\/div>\n\t\t<div class=\"elementor-element elementor-element-9e0fd52 e-con-full e-flex e-con e-parent\" data-id=\"9e0fd52\" data-element_type=\"container\">\n\t\t<div class=\"elementor-element elementor-element-73043b7 e-con-full e-flex e-con e-child\" data-id=\"73043b7\" data-element_type=\"container\">\n\t\t\t\t<div class=\"elementor-element elementor-element-28f8d78 elementor-widget__width-initial elementor-widget elementor-widget-text-editor\" data-id=\"28f8d78\" data-element_type=\"widget\" data-settings=\"{&quot;_animation&quot;:&quot;none&quot;}\" data-widget_type=\"text-editor.default\">\n\t\t\t\t\t\t\t\t\t<p><b>Fallbearbeitungsroboter<\/b><\/p>\t\t\t\t\t\t\t\t<\/div>\n\t\t\t\t<div class=\"elementor-element elementor-element-b62471d elementor-widget__width-initial elementor-widget elementor-widget-text-editor\" data-id=\"b62471d\" data-element_type=\"widget\" data-widget_type=\"text-editor.default\">\n\t\t\t\t\t\t\t\t\t<p>Der Case-Handling-Roboter von Hotmeer ist ein autonomer mobiler Roboter (AMR) der n\u00e4chsten Generation, der Lagerbeh\u00e4lter oder Kisten mit au\u00dfergew\u00f6hnlicher Geschwindigkeit und Pr\u00e4zision handhabt. Dieser Roboter wurde f\u00fcr Lagerumgebungen mit hoher Lagerdichte entwickelt und automatisiert den Warentransport in verschiedenen Lagerzonen, sei es in Kommissionierbereichen, Nachschubstra\u00dfen oder Sortierzentren.<\/p>\t\t\t\t\t\t\t\t<\/div>\n\t\t\t\t<div class=\"elementor-element elementor-element-b71ddc5 elementor-widget__width-initial elementor-align-left elementor-invisible elementor-widget elementor-widget-button\" data-id=\"b71ddc5\" data-element_type=\"widget\" data-settings=\"{&quot;_animation&quot;:&quot;fadeInUp&quot;}\" data-widget_type=\"button.default\">\n\t\t\t\t\t\t\t\t\t\t<a class=\"elementor-button elementor-button-link elementor-size-sm\" href=\"https:\/\/www.hotmeer.com\/de\/solution\/case-handling-robot\/\" target=\"_blank\" rel=\"noopener\">\n\t\t\t\t\t\t<span class=\"elementor-button-content-wrapper\">\n\t\t\t\t\t\t\t\t\t<span class=\"elementor-button-text\">Mehr erfahren<\/span>\n\t\t\t\t\t<\/span>\n\t\t\t\t\t<\/a>\n\t\t\t\t\t\t\t\t<\/div>\n\t\t\t\t<\/div>\n\t\t<div class=\"elementor-element elementor-element-b1cfdd6 e-con-full e-flex e-con e-child\" data-id=\"b1cfdd6\" data-element_type=\"container\">\n\t\t\t\t<div class=\"elementor-element elementor-element-84b9210 elementor-widget elementor-widget-image\" data-id=\"84b9210\" data-element_type=\"widget\" data-widget_type=\"image.default\">\n\t\t\t\t\t\t\t\t\t\t\t\t\t\t\t<img fetchpriority=\"high\" decoding=\"async\" width=\"1920\" height=\"1027\" src=\"https:\/\/www.hotmeer.com\/wp-content\/uploads\/2025\/07\/RS\u5145\u7535\u7279\u51991-scaled-e1760075565607.jpg\" class=\"attachment-full size-full wp-image-657\" alt=\"\" srcset=\"https:\/\/www.hotmeer.com\/wp-content\/uploads\/2025\/07\/RS\u5145\u7535\u7279\u51991-scaled-e1760075565607.jpg 1920w, https:\/\/www.hotmeer.com\/wp-content\/uploads\/2025\/07\/RS\u5145\u7535\u7279\u51991-scaled-e1760075565607-300x160.jpg 300w, https:\/\/www.hotmeer.com\/wp-content\/uploads\/2025\/07\/RS\u5145\u7535\u7279\u51991-scaled-e1760075565607-1024x548.jpg 1024w, https:\/\/www.hotmeer.com\/wp-content\/uploads\/2025\/07\/RS\u5145\u7535\u7279\u51991-scaled-e1760075565607-768x411.jpg 768w, https:\/\/www.hotmeer.com\/wp-content\/uploads\/2025\/07\/RS\u5145\u7535\u7279\u51991-scaled-e1760075565607-1536x822.jpg 1536w, https:\/\/www.hotmeer.com\/wp-content\/uploads\/2025\/07\/RS\u5145\u7535\u7279\u51991-scaled-e1760075565607-18x10.jpg 18w\" sizes=\"(max-width: 1920px) 100vw, 1920px\" \/>\t\t\t\t\t\t\t\t\t\t\t\t\t\t\t<\/div>\n\t\t\t\t<\/div>\n\t\t\t\t<\/div>\n\t\t<div class=\"elementor-element elementor-element-8bf7e8a e-con-full e-flex e-con e-parent\" data-id=\"8bf7e8a\" data-element_type=\"container\">\n\t\t<div class=\"elementor-element elementor-element-43e4514 e-con-full e-flex e-con e-child\" data-id=\"43e4514\" data-element_type=\"container\">\n\t\t\t\t<div class=\"elementor-element elementor-element-3cfd5be elementor-widget elementor-widget-image\" data-id=\"3cfd5be\" data-element_type=\"widget\" data-widget_type=\"image.default\">\n\t\t\t\t\t\t\t\t\t\t\t\t\t\t\t<img decoding=\"async\" width=\"1890\" height=\"1058\" src=\"https:\/\/www.hotmeer.com\/wp-content\/uploads\/2025\/08\/fgr.jpg\" class=\"attachment-full size-full wp-image-834\" alt=\"\" srcset=\"https:\/\/www.hotmeer.com\/wp-content\/uploads\/2025\/08\/fgr.jpg 1890w, https:\/\/www.hotmeer.com\/wp-content\/uploads\/2025\/08\/fgr-300x168.jpg 300w, https:\/\/www.hotmeer.com\/wp-content\/uploads\/2025\/08\/fgr-1024x573.jpg 1024w, https:\/\/www.hotmeer.com\/wp-content\/uploads\/2025\/08\/fgr-768x430.jpg 768w, https:\/\/www.hotmeer.com\/wp-content\/uploads\/2025\/08\/fgr-1536x860.jpg 1536w\" sizes=\"(max-width: 1890px) 100vw, 1890px\" \/>\t\t\t\t\t\t\t\t\t\t\t\t\t\t\t<\/div>\n\t\t\t\t<\/div>\n\t\t<div class=\"elementor-element elementor-element-e9b4f72 e-con-full e-flex e-con e-child\" data-id=\"e9b4f72\" data-element_type=\"container\">\n\t\t\t\t<div class=\"elementor-element elementor-element-c5fe8a2 elementor-widget__width-initial elementor-widget elementor-widget-text-editor\" data-id=\"c5fe8a2\" data-element_type=\"widget\" data-settings=\"{&quot;_animation&quot;:&quot;none&quot;}\" data-widget_type=\"text-editor.default\">\n\t\t\t\t\t\t\t\t\t<p><b>Regal-Fahr-FTS<\/b><\/p>\t\t\t\t\t\t\t\t<\/div>\n\t\t\t\t<div class=\"elementor-element elementor-element-3517f23 elementor-widget__width-initial elementor-widget elementor-widget-text-editor\" data-id=\"3517f23\" data-element_type=\"widget\" data-widget_type=\"text-editor.default\">\n\t\t\t\t\t\t\t\t\t<p>The Shelf-Moving Robot transforms static shelving into a dynamic, intelligent storage system. It integrates mobile racking with autonomous vehicle navigation to bring entire racks to pick and replenishment zones\u2014erasing the need for manual rack movement or traditional shuttle systems.<\/p>\t\t\t\t\t\t\t\t<\/div>\n\t\t\t\t<div class=\"elementor-element elementor-element-0c17f1f elementor-widget__width-initial elementor-align-left elementor-invisible elementor-widget elementor-widget-button\" data-id=\"0c17f1f\" data-element_type=\"widget\" data-settings=\"{&quot;_animation&quot;:&quot;fadeInUp&quot;}\" data-widget_type=\"button.default\">\n\t\t\t\t\t\t\t\t\t\t<a class=\"elementor-button elementor-button-link elementor-size-sm\" href=\"https:\/\/www.hotmeer.com\/de\/solution\/shelf-moving-agv\/\" target=\"_blank\" rel=\"noopener\">\n\t\t\t\t\t\t<span class=\"elementor-button-content-wrapper\">\n\t\t\t\t\t\t\t\t\t<span class=\"elementor-button-text\">Mehr erfahren<\/span>\n\t\t\t\t\t<\/span>\n\t\t\t\t\t<\/a>\n\t\t\t\t\t\t\t\t<\/div>\n\t\t\t\t<\/div>\n\t\t\t\t<\/div>\n\t\t<div class=\"elementor-element elementor-element-6b07ab7 e-con-full e-flex e-con e-parent\" data-id=\"6b07ab7\" data-element_type=\"container\">\n\t\t<div class=\"elementor-element elementor-element-2a34686 e-con-full e-flex e-con e-child\" data-id=\"2a34686\" data-element_type=\"container\">\n\t\t\t\t<div class=\"elementor-element elementor-element-94d5b7a elementor-widget__width-initial elementor-widget elementor-widget-text-editor\" data-id=\"94d5b7a\" data-element_type=\"widget\" data-settings=\"{&quot;_animation&quot;:&quot;none&quot;}\" data-widget_type=\"text-editor.default\">\n\t\t\t\t\t\t\t\t\t<p><b>Paletten-AGV<\/b><\/p>\t\t\t\t\t\t\t\t<\/div>\n\t\t\t\t<div class=\"elementor-element elementor-element-3ff8970 elementor-widget__width-initial elementor-widget elementor-widget-text-editor\" data-id=\"3ff8970\" data-element_type=\"widget\" data-widget_type=\"text-editor.default\">\n\t\t\t\t\t\t\t\t\t<p>Hotmeer Pallet AGV ist eine autonome Sortierplattform, die herk\u00f6mmliche F\u00f6rder- oder Querbandsysteme durch eine Flotte mobiler Einheiten ersetzt, die Pakete in Zielrutschen ablegen. Es ist auf h\u00f6chste Genauigkeit und nahezu unbegrenzte Routenflexibilit\u00e4t ausgelegt und eignet sich daher ideal f\u00fcr Paketzentren, Omnichannel-Fulfillment-Center und Retourenabwicklungslinien.<\/p>\t\t\t\t\t\t\t\t<\/div>\n\t\t\t\t<div class=\"elementor-element elementor-element-894fe84 elementor-widget__width-initial elementor-align-left elementor-invisible elementor-widget elementor-widget-button\" data-id=\"894fe84\" data-element_type=\"widget\" data-settings=\"{&quot;_animation&quot;:&quot;fadeInUp&quot;}\" data-widget_type=\"button.default\">\n\t\t\t\t\t\t\t\t\t\t<a class=\"elementor-button elementor-button-link elementor-size-sm\" href=\"https:\/\/www.hotmeer.com\/de\/solution\/pallet-agv\/\" target=\"_blank\" rel=\"noopener\">\n\t\t\t\t\t\t<span class=\"elementor-button-content-wrapper\">\n\t\t\t\t\t\t\t\t\t<span class=\"elementor-button-text\">Mehr erfahren<\/span>\n\t\t\t\t\t<\/span>\n\t\t\t\t\t<\/a>\n\t\t\t\t\t\t\t\t<\/div>\n\t\t\t\t<\/div>\n\t\t<div class=\"elementor-element elementor-element-b9411c1 e-con-full e-flex e-con e-child\" data-id=\"b9411c1\" data-element_type=\"container\">\n\t\t\t\t<div class=\"elementor-element elementor-element-2343f62 elementor-widget elementor-widget-image\" data-id=\"2343f62\" data-element_type=\"widget\" data-widget_type=\"image.default\">\n\t\t\t\t\t\t\t\t\t\t\t\t\t\t\t<img decoding=\"async\" width=\"1720\" height=\"897\" src=\"https:\/\/www.hotmeer.com\/wp-content\/uploads\/2025\/07\/\u5de5\u4f5c\u7ad9\u524d\u603b\u89c823-1-e1760075612909.jpg\" class=\"attachment-full size-full wp-image-653\" alt=\"\" srcset=\"https:\/\/www.hotmeer.com\/wp-content\/uploads\/2025\/07\/\u5de5\u4f5c\u7ad9\u524d\u603b\u89c823-1-e1760075612909.jpg 1720w, https:\/\/www.hotmeer.com\/wp-content\/uploads\/2025\/07\/\u5de5\u4f5c\u7ad9\u524d\u603b\u89c823-1-e1760075612909-300x156.jpg 300w, https:\/\/www.hotmeer.com\/wp-content\/uploads\/2025\/07\/\u5de5\u4f5c\u7ad9\u524d\u603b\u89c823-1-e1760075612909-1024x534.jpg 1024w, https:\/\/www.hotmeer.com\/wp-content\/uploads\/2025\/07\/\u5de5\u4f5c\u7ad9\u524d\u603b\u89c823-1-e1760075612909-768x401.jpg 768w, https:\/\/www.hotmeer.com\/wp-content\/uploads\/2025\/07\/\u5de5\u4f5c\u7ad9\u524d\u603b\u89c823-1-e1760075612909-1536x801.jpg 1536w, https:\/\/www.hotmeer.com\/wp-content\/uploads\/2025\/07\/\u5de5\u4f5c\u7ad9\u524d\u603b\u89c823-1-e1760075612909-18x9.jpg 18w\" sizes=\"(max-width: 1720px) 100vw, 1720px\" \/>\t\t\t\t\t\t\t\t\t\t\t\t\t\t\t<\/div>\n\t\t\t\t<\/div>\n\t\t\t\t<\/div>\n\t\t<div class=\"elementor-element elementor-element-196f7f3 e-con-full e-flex e-con e-parent\" data-id=\"196f7f3\" data-element_type=\"container\">\n\t\t<div class=\"elementor-element elementor-element-d28d856 e-con-full e-flex e-con e-child\" data-id=\"d28d856\" data-element_type=\"container\">\n\t\t\t\t<div class=\"elementor-element elementor-element-6b75f94 elementor-widget elementor-widget-image\" data-id=\"6b75f94\" data-element_type=\"widget\" data-widget_type=\"image.default\">\n\t\t\t\t\t\t\t\t\t\t\t\t\t\t\t<img loading=\"lazy\" decoding=\"async\" width=\"515\" height=\"289\" src=\"https:\/\/www.hotmeer.com\/wp-content\/uploads\/2025\/09\/20250901_1444_image-e1760075646152.png\" class=\"attachment-full size-full wp-image-1715\" alt=\"\" srcset=\"https:\/\/www.hotmeer.com\/wp-content\/uploads\/2025\/09\/20250901_1444_image-e1760075646152.png 515w, https:\/\/www.hotmeer.com\/wp-content\/uploads\/2025\/09\/20250901_1444_image-e1760075646152-300x168.png 300w, https:\/\/www.hotmeer.com\/wp-content\/uploads\/2025\/09\/20250901_1444_image-e1760075646152-18x10.png 18w\" sizes=\"(max-width: 515px) 100vw, 515px\" \/>\t\t\t\t\t\t\t\t\t\t\t\t\t\t\t<\/div>\n\t\t\t\t<\/div>\n\t\t<div class=\"elementor-element elementor-element-64550bb e-con-full e-flex e-con e-child\" data-id=\"64550bb\" data-element_type=\"container\">\n\t\t\t\t<div class=\"elementor-element elementor-element-bd01456 elementor-widget__width-initial elementor-widget elementor-widget-text-editor\" data-id=\"bd01456\" data-element_type=\"widget\" data-settings=\"{&quot;_animation&quot;:&quot;none&quot;}\" data-widget_type=\"text-editor.default\">\n\t\t\t\t\t\t\t\t\t<p><b>Gabelstapler-FTF<\/b><\/p>\t\t\t\t\t\t\t\t<\/div>\n\t\t\t\t<div class=\"elementor-element elementor-element-5eefc70 elementor-widget__width-initial elementor-widget elementor-widget-text-editor\" data-id=\"5eefc70\" data-element_type=\"widget\" data-widget_type=\"text-editor.default\">\n\t\t\t\t\t\t\t\t\t<p>Das Forklift AGV von Hotmeer ist eine vollst\u00e4ndig autonome Materialtransportl\u00f6sung, die herk\u00f6mmliche Gabelstapler ersetzt. Dieses AGV ist f\u00fcr den Palettentransport und den Transport schwerer Lasten ohne menschliches Eingreifen konzipiert und erh\u00f6ht so die Betriebssicherheit und die Konsistenz der Arbeitsabl\u00e4ufe.<\/p>\t\t\t\t\t\t\t\t<\/div>\n\t\t\t\t<div class=\"elementor-element elementor-element-8902fcd elementor-widget__width-initial elementor-align-left elementor-invisible elementor-widget elementor-widget-button\" data-id=\"8902fcd\" data-element_type=\"widget\" data-settings=\"{&quot;_animation&quot;:&quot;fadeInUp&quot;}\" data-widget_type=\"button.default\">\n\t\t\t\t\t\t\t\t\t\t<a class=\"elementor-button elementor-button-link elementor-size-sm\" href=\"https:\/\/www.hotmeer.com\/de\/solution\/forklift-agv\/\" target=\"_blank\" rel=\"noopener\">\n\t\t\t\t\t\t<span class=\"elementor-button-content-wrapper\">\n\t\t\t\t\t\t\t\t\t<span class=\"elementor-button-text\">Mehr erfahren<\/span>\n\t\t\t\t\t<\/span>\n\t\t\t\t\t<\/a>\n\t\t\t\t\t\t\t\t<\/div>\n\t\t\t\t<\/div>\n\t\t\t\t<\/div>\n\t\t<div class=\"elementor-element elementor-element-b86a68f e-con-full e-flex e-con e-parent\" data-id=\"b86a68f\" data-element_type=\"container\">\n\t\t<div class=\"elementor-element elementor-element-f434102 e-con-full e-flex e-con e-child\" data-id=\"f434102\" data-element_type=\"container\">\n\t\t\t\t<div class=\"elementor-element elementor-element-b88a9be elementor-widget__width-initial elementor-widget elementor-widget-text-editor\" data-id=\"b88a9be\" data-element_type=\"widget\" data-settings=\"{&quot;_animation&quot;:&quot;none&quot;}\" data-widget_type=\"text-editor.default\">\n\t\t\t\t\t\t\t\t\t<p><b>F\u00f6rderstrecke<\/b><\/p>\t\t\t\t\t\t\t\t<\/div>\n\t\t\t\t<div class=\"elementor-element elementor-element-20395ed elementor-widget__width-initial elementor-widget elementor-widget-text-editor\" data-id=\"20395ed\" data-element_type=\"widget\" data-widget_type=\"text-editor.default\">\n\t\t\t\t\t\t\t\t\t<p>Hotmeer bietet hochwertige F\u00f6rder-, Materialhandhabungs- und Metallverarbeitungsl\u00f6sungen. Unser Ruf basiert auf au\u00dfergew\u00f6hnlicher Technik, zuverl\u00e4ssiger Handwerkskunst und ma\u00dfgeschneiderten L\u00f6sungen f\u00fcr komplexe Herausforderungen im Materialhandhabungsbereich.<\/p>\t\t\t\t\t\t\t\t<\/div>\n\t\t\t\t<div class=\"elementor-element elementor-element-c87b8ca elementor-widget__width-initial elementor-align-left elementor-invisible elementor-widget elementor-widget-button\" data-id=\"c87b8ca\" data-element_type=\"widget\" data-settings=\"{&quot;_animation&quot;:&quot;fadeInUp&quot;}\" data-widget_type=\"button.default\">\n\t\t\t\t\t\t\t\t\t\t<a class=\"elementor-button elementor-button-link elementor-size-sm\" href=\"https:\/\/www.hotmeer.com\/de\/solution\/conveyor-line\/\" target=\"_blank\" rel=\"noopener\">\n\t\t\t\t\t\t<span class=\"elementor-button-content-wrapper\">\n\t\t\t\t\t\t\t\t\t<span class=\"elementor-button-text\">Mehr erfahren<\/span>\n\t\t\t\t\t<\/span>\n\t\t\t\t\t<\/a>\n\t\t\t\t\t\t\t\t<\/div>\n\t\t\t\t<\/div>\n\t\t<div class=\"elementor-element elementor-element-3a81fba e-con-full e-flex e-con e-child\" data-id=\"3a81fba\" data-element_type=\"container\">\n\t\t\t\t<div class=\"elementor-element elementor-element-821034e elementor-widget elementor-widget-image\" data-id=\"821034e\" data-element_type=\"widget\" data-widget_type=\"image.default\">\n\t\t\t\t\t\t\t\t\t\t\t\t\t\t\t<img loading=\"lazy\" decoding=\"async\" width=\"527\" height=\"293\" src=\"https:\/\/www.hotmeer.com\/wp-content\/uploads\/2025\/08\/fsdferw-e1760075681674.jpg\" class=\"attachment-full size-full wp-image-799\" alt=\"\" srcset=\"https:\/\/www.hotmeer.com\/wp-content\/uploads\/2025\/08\/fsdferw-e1760075681674.jpg 527w, https:\/\/www.hotmeer.com\/wp-content\/uploads\/2025\/08\/fsdferw-e1760075681674-300x167.jpg 300w, https:\/\/www.hotmeer.com\/wp-content\/uploads\/2025\/08\/fsdferw-e1760075681674-18x10.jpg 18w\" sizes=\"(max-width: 527px) 100vw, 527px\" \/>\t\t\t\t\t\t\t\t\t\t\t\t\t\t\t<\/div>\n\t\t\t\t<\/div>\n\t\t\t\t<\/div>\n\t\t\t\t<\/div>","protected":false},"excerpt":{"rendered":"<p>Hotmeer-L\u00f6sungsangebot Angebot anfordern Kistenhandhabungsroboter Der Kistenhandhabungsroboter von Hotmeer ist ein autonomer mobiler Roboter (AMR) der n\u00e4chsten Generation, der Lagertabletts oder Kisten mit au\u00dfergew\u00f6hnlicher Geschwindigkeit und Pr\u00e4zision handhaben kann. Dieser Roboter wurde f\u00fcr Lagerumgebungen mit hoher Lagerdichte entwickelt und automatisiert den Warentransport zwischen verschiedenen Lagerzonen, sei es in Kommissionierbereichen, Nachschubbereichen [\u2026]<\/p>","protected":false},"author":2,"featured_media":23,"parent":0,"menu_order":0,"comment_status":"closed","ping_status":"closed","template":"","meta":{"footnotes":""},"class_list":["post-397","page","type-page","status-publish","has-post-thumbnail","hentry"],"_links":{"self":[{"href":"https:\/\/www.hotmeer.com\/de\/wp-json\/wp\/v2\/pages\/397","targetHints":{"allow":["GET"]}}],"collection":[{"href":"https:\/\/www.hotmeer.com\/de\/wp-json\/wp\/v2\/pages"}],"about":[{"href":"https:\/\/www.hotmeer.com\/de\/wp-json\/wp\/v2\/types\/page"}],"author":[{"embeddable":true,"href":"https:\/\/www.hotmeer.com\/de\/wp-json\/wp\/v2\/users\/2"}],"replies":[{"embeddable":true,"href":"https:\/\/www.hotmeer.com\/de\/wp-json\/wp\/v2\/comments?post=397"}],"version-history":[{"count":34,"href":"https:\/\/www.hotmeer.com\/de\/wp-json\/wp\/v2\/pages\/397\/revisions"}],"predecessor-version":[{"id":1862,"href":"https:\/\/www.hotmeer.com\/de\/wp-json\/wp\/v2\/pages\/397\/revisions\/1862"}],"wp:featuredmedia":[{"embeddable":true,"href":"https:\/\/www.hotmeer.com\/de\/wp-json\/wp\/v2\/media\/23"}],"wp:attachment":[{"href":"https:\/\/www.hotmeer.com\/de\/wp-json\/wp\/v2\/media?parent=397"}],"curies":[{"name":"wp","href":"https:\/\/api.w.org\/{rel}","templated":true}]}}