{"id":1060,"date":"2025-08-04T05:13:02","date_gmt":"2025-08-04T05:13:02","guid":{"rendered":"https:\/\/hotmeer.com\/?page_id=1060"},"modified":"2025-09-02T04:11:22","modified_gmt":"2025-09-02T04:11:22","slug":"join-us","status":"publish","type":"page","link":"https:\/\/www.hotmeer.com\/de\/about-us\/join-us\/","title":{"rendered":"Begleiten Sie uns"},"content":{"rendered":"<div data-elementor-type=\"wp-page\" data-elementor-id=\"1060\" class=\"elementor elementor-1060\" data-elementor-settings=\"{&quot;element_pack_global_tooltip_width&quot;:{&quot;unit&quot;:&quot;px&quot;,&quot;size&quot;:&quot;&quot;,&quot;sizes&quot;:[]},&quot;element_pack_global_tooltip_width_tablet&quot;:{&quot;unit&quot;:&quot;px&quot;,&quot;size&quot;:&quot;&quot;,&quot;sizes&quot;:[]},&quot;element_pack_global_tooltip_width_mobile&quot;:{&quot;unit&quot;:&quot;px&quot;,&quot;size&quot;:&quot;&quot;,&quot;sizes&quot;:[]},&quot;element_pack_global_tooltip_padding&quot;:{&quot;unit&quot;:&quot;px&quot;,&quot;top&quot;:&quot;&quot;,&quot;right&quot;:&quot;&quot;,&quot;bottom&quot;:&quot;&quot;,&quot;left&quot;:&quot;&quot;,&quot;isLinked&quot;:true},&quot;element_pack_global_tooltip_padding_tablet&quot;:{&quot;unit&quot;:&quot;px&quot;,&quot;top&quot;:&quot;&quot;,&quot;right&quot;:&quot;&quot;,&quot;bottom&quot;:&quot;&quot;,&quot;left&quot;:&quot;&quot;,&quot;isLinked&quot;:true},&quot;element_pack_global_tooltip_padding_mobile&quot;:{&quot;unit&quot;:&quot;px&quot;,&quot;top&quot;:&quot;&quot;,&quot;right&quot;:&quot;&quot;,&quot;bottom&quot;:&quot;&quot;,&quot;left&quot;:&quot;&quot;,&quot;isLinked&quot;:true},&quot;element_pack_global_tooltip_border_radius&quot;:{&quot;unit&quot;:&quot;px&quot;,&quot;top&quot;:&quot;&quot;,&quot;right&quot;:&quot;&quot;,&quot;bottom&quot;:&quot;&quot;,&quot;left&quot;:&quot;&quot;,&quot;isLinked&quot;:true},&quot;element_pack_global_tooltip_border_radius_tablet&quot;:{&quot;unit&quot;:&quot;px&quot;,&quot;top&quot;:&quot;&quot;,&quot;right&quot;:&quot;&quot;,&quot;bottom&quot;:&quot;&quot;,&quot;left&quot;:&quot;&quot;,&quot;isLinked&quot;:true},&quot;element_pack_global_tooltip_border_radius_mobile&quot;:{&quot;unit&quot;:&quot;px&quot;,&quot;top&quot;:&quot;&quot;,&quot;right&quot;:&quot;&quot;,&quot;bottom&quot;:&quot;&quot;,&quot;left&quot;:&quot;&quot;,&quot;isLinked&quot;:true}}\" data-elementor-post-type=\"page\">\n\t\t\t\t<div class=\"elementor-element elementor-element-65c9006 e-con-full e-flex e-con e-parent\" data-id=\"65c9006\" data-element_type=\"container\" data-settings=\"{&quot;background_background&quot;:&quot;classic&quot;}\">\n\t\t<div class=\"elementor-element elementor-element-ed4e3c4 e-con-full e-flex e-con e-child\" data-id=\"ed4e3c4\" data-element_type=\"container\">\n\t\t<div class=\"elementor-element elementor-element-6748ffd e-con-full e-flex e-con e-child\" data-id=\"6748ffd\" data-element_type=\"container\">\n\t\t\t\t<div class=\"elementor-element elementor-element-4b26015 elementor-widget elementor-widget-text-editor\" data-id=\"4b26015\" data-element_type=\"widget\" data-widget_type=\"text-editor.default\">\n\t\t\t\t\t\t\t\t\t<p>Gestalten Sie die Zukunft der Lagerautomatisierung<\/p>\t\t\t\t\t\t\t\t<\/div>\n\t\t\t\t<div class=\"elementor-element elementor-element-7d855a5 elementor-widget__width-initial elementor-align-center elementor-mobile-align-center elementor-invisible elementor-widget elementor-widget-button\" data-id=\"7d855a5\" data-element_type=\"widget\" data-settings=\"{&quot;_animation&quot;:&quot;fadeInUp&quot;}\" data-widget_type=\"button.default\">\n\t\t\t\t\t\t\t\t\t\t<a class=\"elementor-button elementor-button-link elementor-size-sm\" href=\"https:\/\/www.hotmeer.com\/de\/contact-us\/\" target=\"_blank\" rel=\"noopener\">\n\t\t\t\t\t\t<span class=\"elementor-button-content-wrapper\">\n\t\t\t\t\t\t\t\t\t<span class=\"elementor-button-text\">Angebot einholen<\/span>\n\t\t\t\t\t<\/span>\n\t\t\t\t\t<\/a>\n\t\t\t\t\t\t\t\t<\/div>\n\t\t\t\t<\/div>\n\t\t\t\t<\/div>\n\t\t\t\t<\/div>\n\t\t<div class=\"elementor-element elementor-element-5f95647 e-con-full e-flex e-con e-parent\" data-id=\"5f95647\" data-element_type=\"container\">\n\t\t\t\t<div class=\"elementor-element elementor-element-957c6a3 elementor-widget elementor-widget-heading\" data-id=\"957c6a3\" data-element_type=\"widget\" data-widget_type=\"heading.default\">\n\t\t\t\t\t<h2 class=\"elementor-heading-title elementor-size-default\">Jobs, Karriere, Ausbildung &amp; Studium bei HOTMEER<\/h2>\t\t\t\t<\/div>\n\t\t\t\t<div class=\"elementor-element elementor-element-ad8e938 elementor-widget elementor-widget-text-editor\" data-id=\"ad8e938\" data-element_type=\"widget\" data-widget_type=\"text-editor.default\">\n\t\t\t\t\t\t\t\t\t<p data-start=\"263\" data-end=\"495\">Bei <strong data-start=\"266\" data-end=\"277\">Hotmeer<\/strong>Wir haben es uns zur Aufgabe gemacht, die Lagerlogistik durch modernste Automatisierung zu transformieren. Von der Installation bis zum exzellenten After-Sales-Service steigern wir den Wert einiger der gr\u00f6\u00dften Anlagen Europas \u2013 und wir stehen noch ganz am Anfang.<\/p><p data-start=\"497\" data-end=\"705\">Wir suchen engagierte Pers\u00f6nlichkeiten, die mit uns wachsen m\u00f6chten. Ob erfahrener Techniker, Logistikspezialist oder frischer Kopf mit Leidenschaft f\u00fcr industrielle Automatisierung \u2013 bei uns finden Sie den passenden Platz.<\/p>\t\t\t\t\t\t\t\t<\/div>\n\t\t\t\t<\/div>\n\t\t<div class=\"elementor-element elementor-element-c821fde e-con-full e-flex e-con e-parent\" data-id=\"c821fde\" data-element_type=\"container\" data-settings=\"{&quot;background_background&quot;:&quot;classic&quot;}\">\n\t\t\t\t<div class=\"elementor-element elementor-element-93f72de elementor-widget-mobile__width-initial elementor-invisible elementor-widget elementor-widget-heading\" data-id=\"93f72de\" data-element_type=\"widget\" data-settings=\"{&quot;_animation&quot;:&quot;fadeInUp&quot;}\" data-widget_type=\"heading.default\">\n\t\t\t\t\t<h2 class=\"elementor-heading-title elementor-size-default\">Warum Hotmeer beitreten?<\/h2>\t\t\t\t<\/div>\n\t\t<div class=\"elementor-element elementor-element-82474b7 e-con-full e-flex e-con e-child\" data-id=\"82474b7\" data-element_type=\"container\">\n\t\t\t\t<div class=\"elementor-element elementor-element-00d0fd3 elementor-widget__width-initial bdt-icon-effect-a bdt-icon-type-icon elementor-position-top elementor-invisible elementor-widget elementor-widget-bdt-advanced-icon-box\" data-id=\"00d0fd3\" data-element_type=\"widget\" data-settings=\"{&quot;_animation&quot;:&quot;zoomIn&quot;}\" data-widget_type=\"bdt-advanced-icon-box.default\">\n\t\t\t\t\t\t\t<div class=\"bdt-ep-advanced-icon-box\">\n\n\t\t\t\t\t\t\t\n\t\t\n\t\t\t\t\n\t\t\t<div class=\"bdt-ep-advanced-icon-box-content\">\n\n\t\t\t\t\t\t\t\t\t\n\t\t\t\t\t<h3 class=\"bdt-ep-advanced-icon-box-title ep-title-style-3\">\n\t\t\t\t<span >\n\t\t\t\t\tInnovative Projekte\t\t\t\t<\/span>\n\t\t\t<\/h3>\n\t\t\n\n\t\t\n\t\t\t\t\t\n\t\t\t\t\n\t\t\t\t\t\t\t\t\t<div class=\"bdt-ep-advanced-icon-box-description\">\n\t\t\t\t\t\t<p>Arbeiten Sie an gro\u00df angelegten, wirkungsvollen Installationen in den modernsten Lagerh\u00e4usern Europas.<\/p>\t\t\t\t\t<\/div>\n\t\t\t\t\n\t\t\t\t\t\t\t\t\t<a class=\"bdt-ep-advanced-icon-box-readmore bdt-display-inline-block\" href=\"#\">\n\t\t\t\t\t\t\n\t\t\t\t\t\t\t\t\t\t\t<\/a>\n\t\t\t\t\t\t\t<\/div>\n\t\t<\/div>\n\n\t\t\n\t\t\n\t\t\t\t<\/div>\n\t\t\t\t<div class=\"elementor-element elementor-element-cf5f7e4 elementor-widget__width-initial bdt-icon-effect-a bdt-icon-type-icon elementor-position-top elementor-invisible elementor-widget elementor-widget-bdt-advanced-icon-box\" data-id=\"cf5f7e4\" data-element_type=\"widget\" data-settings=\"{&quot;_animation&quot;:&quot;zoomIn&quot;}\" data-widget_type=\"bdt-advanced-icon-box.default\">\n\t\t\t\t\t\t\t<div class=\"bdt-ep-advanced-icon-box\">\n\n\t\t\t\t\t\t\t\n\t\t\n\t\t\t\t\n\t\t\t<div class=\"bdt-ep-advanced-icon-box-content\">\n\n\t\t\t\t\t\t\t\t\t\n\t\t\t\t\t<h3 class=\"bdt-ep-advanced-icon-box-title ep-title-style-3\">\n\t\t\t\t<span >\n\t\t\t\t\tGlobale Pr\u00e4senz\t\t\t\t<\/span>\n\t\t\t<\/h3>\n\t\t\n\n\t\t\n\t\t\t\t\t\n\t\t\t\t\n\t\t\t\t\t\t\t\t\t<div class=\"bdt-ep-advanced-icon-box-description\">\n\t\t\t\t\t\t<p>Arbeiten Sie mit internationalen Teams und Automatisierungsexperten vom gesamten Kontinent zusammen.<\/p>\t\t\t\t\t<\/div>\n\t\t\t\t\n\t\t\t\t\t\t\t\t\t<a class=\"bdt-ep-advanced-icon-box-readmore bdt-display-inline-block\" href=\"#\">\n\t\t\t\t\t\t\n\t\t\t\t\t\t\t\t\t\t\t<\/a>\n\t\t\t\t\t\t\t<\/div>\n\t\t<\/div>\n\n\t\t\n\t\t\n\t\t\t\t<\/div>\n\t\t\t\t<div class=\"elementor-element elementor-element-60c5a45 elementor-widget__width-initial bdt-icon-effect-a bdt-icon-type-icon elementor-position-top elementor-invisible elementor-widget elementor-widget-bdt-advanced-icon-box\" data-id=\"60c5a45\" data-element_type=\"widget\" data-settings=\"{&quot;_animation&quot;:&quot;zoomIn&quot;}\" data-widget_type=\"bdt-advanced-icon-box.default\">\n\t\t\t\t\t\t\t<div class=\"bdt-ep-advanced-icon-box\">\n\n\t\t\t\t\t\t\t\n\t\t\n\t\t\t\t\n\t\t\t<div class=\"bdt-ep-advanced-icon-box-content\">\n\n\t\t\t\t\t\t\t\t\t\n\t\t\t\t\t<h3 class=\"bdt-ep-advanced-icon-box-title ep-title-style-3\">\n\t\t\t\t<span >\n\t\t\t\t\tKarrierewachstum\t\t\t\t<\/span>\n\t\t\t<\/h3>\n\t\t\n\n\t\t\n\t\t\t\t\t\n\t\t\t\t\n\t\t\t\t\t\t\t\t\t<div class=\"bdt-ep-advanced-icon-box-description\">\n\t\t\t\t\t\t<p>Erhalten Sie eine praxisorientierte Ausbildung und \u00fcbernehmen Sie vom ersten Tag an echte Verantwortung.<\/p>\t\t\t\t\t<\/div>\n\t\t\t\t\n\t\t\t\t\t\t\t\t\t<a class=\"bdt-ep-advanced-icon-box-readmore bdt-display-inline-block\" href=\"#\">\n\t\t\t\t\t\t\n\t\t\t\t\t\t\t\t\t\t\t<\/a>\n\t\t\t\t\t\t\t<\/div>\n\t\t<\/div>\n\n\t\t\n\t\t\n\t\t\t\t<\/div>\n\t\t\t\t<div class=\"elementor-element elementor-element-0039bed elementor-widget__width-initial bdt-icon-effect-a bdt-icon-type-icon elementor-position-top elementor-invisible elementor-widget elementor-widget-bdt-advanced-icon-box\" data-id=\"0039bed\" data-element_type=\"widget\" data-settings=\"{&quot;_animation&quot;:&quot;zoomIn&quot;}\" data-widget_type=\"bdt-advanced-icon-box.default\">\n\t\t\t\t\t\t\t<div class=\"bdt-ep-advanced-icon-box\">\n\n\t\t\t\t\t\t\t\n\t\t\n\t\t\t\t\n\t\t\t<div class=\"bdt-ep-advanced-icon-box-content\">\n\n\t\t\t\t\t\t\t\t\t\n\t\t\t\t\t<h3 class=\"bdt-ep-advanced-icon-box-title ep-title-style-3\">\n\t\t\t\t<span >\n\t\t\t\t\tUnterst\u00fctzende Kultur\t\t\t\t<\/span>\n\t\t\t<\/h3>\n\t\t\n\n\t\t\n\t\t\t\t\t\n\t\t\t\t\n\t\t\t\t\t\t\t\t\t<div class=\"bdt-ep-advanced-icon-box-description\">\n\t\t\t\t\t\t<p>Werden Sie Teil eines Teams, das Wert auf Engagement, Wissensaustausch und langfristige Beziehungen legt.<\/p>\t\t\t\t\t<\/div>\n\t\t\t\t\n\t\t\t\t\t\t\t\t\t<a class=\"bdt-ep-advanced-icon-box-readmore bdt-display-inline-block\" href=\"#\">\n\t\t\t\t\t\t\n\t\t\t\t\t\t\t\t\t\t\t<\/a>\n\t\t\t\t\t\t\t<\/div>\n\t\t<\/div>\n\n\t\t\n\t\t\n\t\t\t\t<\/div>\n\t\t\t\t<\/div>\n\t\t\t\t<div class=\"elementor-element elementor-element-2292779 elementor-widget-mobile__width-initial elementor-invisible elementor-widget elementor-widget-heading\" data-id=\"2292779\" data-element_type=\"widget\" data-settings=\"{&quot;_animation&quot;:&quot;fadeInUp&quot;}\" data-widget_type=\"heading.default\">\n\t\t\t\t\t<h2 class=\"elementor-heading-title elementor-size-default\">Bereit mitzumachen?<\/h2>\t\t\t\t<\/div>\n\t\t\t\t<div class=\"elementor-element elementor-element-7d1d008 elementor-widget elementor-widget-text-editor\" data-id=\"7d1d008\" data-element_type=\"widget\" data-widget_type=\"text-editor.default\">\n\t\t\t\t\t\t\t\t\t<p>Senden Sie Ihren Lebenslauf<br \/><a href=\"mailto:miya@hotmeer.com\">miya@hotmeer.com<\/a><\/p>\t\t\t\t\t\t\t\t<\/div>\n\t\t\t\t<div class=\"elementor-element elementor-element-87ca739 elementor-widget elementor-widget-image\" data-id=\"87ca739\" data-element_type=\"widget\" data-widget_type=\"image.default\">\n\t\t\t\t\t\t\t\t\t\t\t\t\t\t\t\t<a href=\"https:\/\/www.xiaohongshu.com\/user\/profile\/658817c7000000001b03247d?xsec_token=YBYUyE6AoCnroijWZxpCPUEtdD8aIqUT4f0NPWAH6HXm4=&#038;xsec_source=app_share&#038;xhsshare=CopyLink&#038;appuid=5b1d38014eacab17fad41e73&#038;apptime=1754221198&#038;share_id=54015948a131438bad823440bfef1dd8\" target=\"_blank\" rel=\"noopener\">\n\t\t\t\t\t\t\t<img decoding=\"async\" width=\"150\" height=\"150\" src=\"https:\/\/www.hotmeer.com\/wp-content\/uploads\/2025\/08\/little-red-book-logo-xiao-hong-shu-e1754284131946-150x150.png\" class=\"attachment-thumbnail size-thumbnail wp-image-1069\" alt=\"\" srcset=\"https:\/\/www.hotmeer.com\/wp-content\/uploads\/2025\/08\/little-red-book-logo-xiao-hong-shu-e1754284131946-150x150.png 150w, https:\/\/www.hotmeer.com\/wp-content\/uploads\/2025\/08\/little-red-book-logo-xiao-hong-shu-e1754284131946-300x300.png 300w, https:\/\/www.hotmeer.com\/wp-content\/uploads\/2025\/08\/little-red-book-logo-xiao-hong-shu-e1754284131946-768x765.png 768w, https:\/\/www.hotmeer.com\/wp-content\/uploads\/2025\/08\/little-red-book-logo-xiao-hong-shu-e1754284131946.png 850w\" sizes=\"(max-width: 150px) 100vw, 150px\" \/>\t\t\t\t\t\t\t\t<\/a>\n\t\t\t\t\t\t\t\t\t\t\t\t\t\t\t<\/div>\n\t\t\t\t<div class=\"elementor-element elementor-element-3228b45 elementor-widget elementor-widget-text-editor\" data-id=\"3228b45\" data-element_type=\"widget\" data-widget_type=\"text-editor.default\">\n\t\t\t\t\t\t\t\t\t<p>Folgen Sie uns in den sozialen Medien<\/p>\t\t\t\t\t\t\t\t<\/div>\n\t\t\t\t<\/div>\n\t\t\t\t<\/div>","protected":false},"excerpt":{"rendered":"<p>Wir suchen engagierte Pers\u00f6nlichkeiten, die mit uns wachsen m\u00f6chten. Ob erfahrener Techniker, Logistikspezialist oder frischer Kopf mit Leidenschaft f\u00fcr industrielle Automatisierung \u2013 bei uns finden Sie den passenden Platz.<\/p>","protected":false},"author":2,"featured_media":1062,"parent":723,"menu_order":0,"comment_status":"closed","ping_status":"closed","template":"","meta":{"footnotes":""},"class_list":["post-1060","page","type-page","status-publish","has-post-thumbnail","hentry"],"_links":{"self":[{"href":"https:\/\/www.hotmeer.com\/de\/wp-json\/wp\/v2\/pages\/1060","targetHints":{"allow":["GET"]}}],"collection":[{"href":"https:\/\/www.hotmeer.com\/de\/wp-json\/wp\/v2\/pages"}],"about":[{"href":"https:\/\/www.hotmeer.com\/de\/wp-json\/wp\/v2\/types\/page"}],"author":[{"embeddable":true,"href":"https:\/\/www.hotmeer.com\/de\/wp-json\/wp\/v2\/users\/2"}],"replies":[{"embeddable":true,"href":"https:\/\/www.hotmeer.com\/de\/wp-json\/wp\/v2\/comments?post=1060"}],"version-history":[{"count":19,"href":"https:\/\/www.hotmeer.com\/de\/wp-json\/wp\/v2\/pages\/1060\/revisions"}],"predecessor-version":[{"id":1728,"href":"https:\/\/www.hotmeer.com\/de\/wp-json\/wp\/v2\/pages\/1060\/revisions\/1728"}],"up":[{"embeddable":true,"href":"https:\/\/www.hotmeer.com\/de\/wp-json\/wp\/v2\/pages\/723"}],"wp:featuredmedia":[{"embeddable":true,"href":"https:\/\/www.hotmeer.com\/de\/wp-json\/wp\/v2\/media\/1062"}],"wp:attachment":[{"href":"https:\/\/www.hotmeer.com\/de\/wp-json\/wp\/v2\/media?parent=1060"}],"curies":[{"name":"wp","href":"https:\/\/api.w.org\/{rel}","templated":true}]}}